{"id":105,"date":"2025-11-01T18:30:31","date_gmt":"2025-11-01T18:30:31","guid":{"rendered":"https:\/\/www.shipin-tr.com\/?page_id=105"},"modified":"2025-11-01T18:30:32","modified_gmt":"2025-11-01T18:30:32","slug":"gizlilik-politikasi","status":"publish","type":"page","link":"https:\/\/www.shipin-tr.com\/?page_id=105","title":{"rendered":"Gizlilik Politikas\u0131"},"content":{"rendered":"\n<h3 class=\"wp-block-heading\">Biz Kimiz<\/h3>\n\n\n\n<p>Web sitemiz <strong>SHIPIN<\/strong> taraf\u0131ndan i\u015fletilmektedir.<br>Web sitesi adresi: <strong><a href=\"http:\/\/www.shipin-tr.com\">http:\/\/www.shipin-tr.com<\/a><\/strong>, \u0130leti\u015fim e-posta adresi: info@shipin-tr.com<\/p>\n\n\n\n<h3 class=\"wp-block-heading\">Yorumlar<\/h3>\n\n\n\n<p>Ziyaret\u00e7iler siteye yorum b\u0131rakt\u0131\u011f\u0131nda, yorum formunda sa\u011flanan veriler ile ziyaret\u00e7inin IP adresi ve taray\u0131c\u0131 kullan\u0131c\u0131 arac\u0131s\u0131 bilgisi (user agent) spam tespiti i\u00e7in toplan\u0131r.<\/p>\n\n\n\n<p>E-posta adresinizden olu\u015fturulan anonimle\u015ftirilmi\u015f bir dize (hash olarak da adland\u0131r\u0131l\u0131r), Gravatar hizmetine sa\u011flanabilir; bu sayede Gravatar kullan\u0131p kullanmad\u0131\u011f\u0131n\u0131z kontrol edilir. Gravatar hizmetinin gizlilik politikas\u0131 \u015furadan ula\u015f\u0131labilir: <a href=\"https:\/\/automattic.com\/privacy\/\">https:\/\/automattic.com\/privacy\/<\/a>. Yorumunuz onayland\u0131ktan sonra profil resminiz, yorumunuzun yan\u0131nda herkese g\u00f6r\u00fcn\u00fcr.<\/p>\n\n\n\n<h3 class=\"wp-block-heading\">Medya<\/h3>\n\n\n\n<p>Sitenin i\u00e7eriklerine (\u00f6r. yorumlarda) g\u00f6rsel y\u00fckledi\u011finizde, g\u00f6m\u00fcl\u00fc konum verisi (EXIF GPS) i\u00e7eren g\u00f6rselleri y\u00fcklemekten ka\u00e7\u0131n\u0131n. Ziyaret\u00e7iler, web sitesindeki g\u00f6rsellerden herhangi bir konum verisini indirebilir ve \u00e7\u0131karabilir.<\/p>\n\n\n\n<h3 class=\"wp-block-heading\">\u00c7erezler (Cookies)<\/h3>\n\n\n\n<p>Sitemize yorum b\u0131rak\u0131rken, isterseniz ad\u0131n\u0131z\u0131, e-posta adresinizi ve web sitenizi \u00e7erezlerde kaydetmeyi se\u00e7ebilirsiniz. Bu \u00e7erezler, tekrar yorum b\u0131rak\u0131rken bilgilerinizi tekrar girmenize gerek kalmamas\u0131 i\u00e7in kullan\u0131l\u0131r ve <strong>1 y\u0131l boyunca ge\u00e7erlidir<\/strong>.<\/p>\n\n\n\n<h3 class=\"wp-block-heading\">Forum\/Email ile \u0130leti\u015fim<\/h3>\n\n\n\n<p>Forum veya e-posta yoluyla bize ula\u015f\u0131rsan\u0131z, verdi\u011finiz bilgiler (isim, e-posta, mesaj) yaln\u0131zca size geri d\u00f6n\u00fc\u015f yapmak amac\u0131yla kullan\u0131lacakt\u0131r.<\/p>\n\n\n\n<h3 class=\"wp-block-heading\">Verileriniz ne kadar s\u00fcre saklan\u0131r<\/h3>\n\n\n\n<ul class=\"wp-block-list\">\n<li>Yorumlar ve metadata bilgileri, moderasyon amac\u0131yla s\u00fcresiz saklan\u0131r.<\/li>\n\n\n\n<li>Forum veya e-posta yoluyla g\u00f6nderilen mesajlar, yaln\u0131zca yan\u0131t verebilmek i\u00e7in gereken s\u00fcre boyunca saklan\u0131r.<\/li>\n<\/ul>\n\n\n\n<h3 class=\"wp-block-heading\">Verileriniz \u00fczerinde sahip oldu\u011funuz haklar<\/h3>\n\n\n\n<p>Yorumlarda veya e-posta yoluyla sa\u011flad\u0131\u011f\u0131n\u0131z ki\u015fisel verilerin bir kopyas\u0131n\u0131 talep edebilir veya silinmesini isteyebilirsiniz.<\/p>\n\n\n\n<h3 class=\"wp-block-heading\">Verileriniz nereye g\u00f6nderilir<\/h3>\n\n\n\n<p>Ziyaret\u00e7i yorumlar\u0131, otomatik bir spam tespit servisi arac\u0131l\u0131\u011f\u0131yla kontrol edilebilir.<\/p>\n\n\n\n<p><\/p>\n","protected":false},"excerpt":{"rendered":"<p>Biz Kimiz Web sitemiz SHIPIN taraf\u0131ndan i\u015fletilmektedir.Web sitesi adresi: http:\/\/www.shipin-tr.com, \u0130leti\u015fim e-posta adresi: info@shipin-tr.com Yorumlar Ziyaret\u00e7iler siteye yorum b\u0131rakt\u0131\u011f\u0131nda, yorum formunda sa\u011flanan veriler ile ziyaret\u00e7inin IP adresi ve taray\u0131c\u0131 kullan\u0131c\u0131 arac\u0131s\u0131 bilgisi (user agent) spam tespiti i\u00e7in toplan\u0131r. E-posta adresinizden olu\u015fturulan anonimle\u015ftirilmi\u015f bir dize (hash olarak da adland\u0131r\u0131l\u0131r), Gravatar hizmetine sa\u011flanabilir; bu sayede Gravatar kullan\u0131p &hellip; <\/p>\n<p class=\"link-more\"><a href=\"https:\/\/www.shipin-tr.com\/?page_id=105\" class=\"more-link\">Read more<span class=\"screen-reader-text\"> &#8220;Gizlilik Politikas\u0131&#8221;<\/span><\/a><\/p>\n","protected":false},"author":1,"featured_media":0,"parent":0,"menu_order":0,"comment_status":"closed","ping_status":"open","template":"","meta":{"footnotes":""},"class_list":["post-105","page","type-page","status-publish","hentry"],"_links":{"self":[{"href":"https:\/\/www.shipin-tr.com\/index.php?rest_route=\/wp\/v2\/pages\/105","targetHints":{"allow":["GET"]}}],"collection":[{"href":"https:\/\/www.shipin-tr.com\/index.php?rest_route=\/wp\/v2\/pages"}],"about":[{"href":"https:\/\/www.shipin-tr.com\/index.php?rest_route=\/wp\/v2\/types\/page"}],"author":[{"embeddable":true,"href":"https:\/\/www.shipin-tr.com\/index.php?rest_route=\/wp\/v2\/users\/1"}],"replies":[{"embeddable":true,"href":"https:\/\/www.shipin-tr.com\/index.php?rest_route=%2Fwp%2Fv2%2Fcomments&post=105"}],"version-history":[{"count":1,"href":"https:\/\/www.shipin-tr.com\/index.php?rest_route=\/wp\/v2\/pages\/105\/revisions"}],"predecessor-version":[{"id":106,"href":"https:\/\/www.shipin-tr.com\/index.php?rest_route=\/wp\/v2\/pages\/105\/revisions\/106"}],"wp:attachment":[{"href":"https:\/\/www.shipin-tr.com\/index.php?rest_route=%2Fwp%2Fv2%2Fmedia&parent=105"}],"curies":[{"name":"wp","href":"https:\/\/api.w.org\/{rel}","templated":true}]}}