{"id":107,"date":"2025-11-01T18:44:58","date_gmt":"2025-11-01T18:44:58","guid":{"rendered":"https:\/\/www.shipin-tr.com\/?page_id=107"},"modified":"2025-11-03T22:59:13","modified_gmt":"2025-11-03T22:59:13","slug":"ne-yapiyoruz","status":"publish","type":"page","link":"https:\/\/www.shipin-tr.com\/?page_id=107","title":{"rendered":"Ne Yap\u0131yoruz"},"content":{"rendered":"\n<h3 class=\"wp-block-heading\">Marine M\u00fchendislik \u00c7\u00f6z\u00fcmleri<\/h3>\n\n\n\n<p>SHIPIN, Marine elektrik sistemlerinde \u00f6zel m\u00fchendislik \u00e7\u00f6z\u00fcmleri sunar. Elektrik yerle\u015fim planlamas\u0131, elektrik \u015femalar\u0131, pano tasar\u0131m\u0131, ayd\u0131nlatma ve priz d\u00fczenlemeleri, kablo diyagramlar\u0131 ve bile\u015fen entegrasyonu gibi \u00e7e\u015fitli Marine<strong> <\/strong>elektrik sistem entegrasyonu i\u00e7in kapsaml\u0131 teknik tasar\u0131m ve m\u00fchendislik hizmetleri sa\u011fl\u0131yoruz.<\/p>\n\n\n\n<p>Proje bazl\u0131 belgelerimiz, sistemlerin g\u00fcvenli, uyumlu ve Marine standartlar\u0131na uygun \u00e7al\u0131\u015fmas\u0131n\u0131 garanti eder. Yeni yap\u0131lar ve d\u00f6n\u00fc\u015f\u00fcmler i\u00e7in uygulamaya sa\u011flam bir temel olu\u015fturan kapsaml\u0131 m\u00fchendislik deste\u011fi sunuyoruz.<\/p>\n\n\n\n<p>SHIPIN\u2019de tasar\u0131m s\u00fcreci boyunca basit, pratik ve anla\u015f\u0131l\u0131r \u00e7\u00f6z\u00fcmler \u00fcretmeye odaklan\u0131yoruz, b\u00f6ylece m\u00fc\u015fterilerimizin teknik y\u00fck\u00fcn\u00fc hafifletiyoruz.<\/p>\n\n\n\n<h3 class=\"wp-block-heading\">M\u00fchendislik Hizmetleri<\/h3>\n\n\n\n<p>SHIPIN, Marine projelerine \u00f6zel elektrik m\u00fchendisli\u011fi deste\u011fi sunar; teknik kaynak eksikliklerini kapatmaya yard\u0131mc\u0131 olur ve kapsaml\u0131 proje planlamas\u0131n\u0131 garanti eder. Marine elektrik sistemleri giderek daha karma\u015f\u0131k hale geldik\u00e7e, tersaneler ve gemi sahipleri, dahili m\u00fchendislik kapasitesi s\u0131n\u0131rl\u0131 oldu\u011funda tasar\u0131m ve entegrasyon s\u00fcre\u00e7lerinde ek deste\u011fe ihtiya\u00e7 duyabilir.<\/p>\n\n\n\n<p>Elektrik M\u00fchendisli\u011fi ve Dok\u00fcmantasyon;<\/p>\n\n\n\n<ul class=\"wp-block-list\">\n<li>Ayr\u0131nt\u0131l\u0131 Tek Hat \u015eemas\u0131<\/li>\n\n\n\n<li>T\u00fcm Elektrik Sistemleri i\u00e7in Ayr\u0131nt\u0131l\u0131 Kablo ve Ba\u011flant\u0131 \u015eemalar\u0131<\/li>\n\n\n\n<li>Ayd\u0131nlatma ve Priz Ekipman Yerle\u015fim Plan\u0131 (2D)<\/li>\n\n\n\n<li>Yang\u0131n Alg\u0131lama Sistemi Ekipman Yerle\u015fim Plan\u0131 (2D)<\/li>\n\n\n\n<li>Haberle\u015fme Sistemi Ekipman Yerle\u015fim Plan\u0131 (2D)<\/li>\n\n\n\n<li>Elektrik Y\u00fck Analizi Haz\u0131rlama<\/li>\n\n\n\n<li>K\u0131sa Devre Hesaplamas\u0131<\/li>\n\n\n\n<li>Y\u00fck Analizi, Se\u00e7icilik, K\u0131sa Devre Analizi, Gerilim D\u00fc\u015f\u00fcm\u00fc Hesaplamas\u0131<\/li>\n\n\n\n<li>Mekanik ve Elektrik Panosu Tasar\u0131m\u0131 (2D)<\/li>\n<\/ul>\n\n\n\n<p>Tasar\u0131m ofisleri ve tersaneler ile yak\u0131n i\u015fbirli\u011fi yaparak, uygulama i\u00e7in net ve uyumlu bir yol haritas\u0131 olu\u015fturacak do\u011fru dok\u00fcmantasyonu teslim ediyoruz.<\/p>\n\n\n\n<p>SHIPIN, \u00f6ncelikli olarak tasar\u0131m ve m\u00fchendislik \u00fczerine odaklansa da, daha k\u00fc\u00e7\u00fck gemiler (yatlar, katamaranlar gibi) i\u00e7in saha montaj ve devreye alma deste\u011fi de sunuyor; b\u00f6ylece t\u00fcm proje teslimi m\u00fcmk\u00fcn hale geliyor.<\/p>\n\n\n\n<h3 class=\"wp-block-heading\">Marine Elektrik \u00c7\u00f6z\u00fcmleri &amp; Hizmetleri<\/h3>\n\n\n\n<p>SHIPIN, Marine elektrik sistemleri i\u00e7in uygulama ve servis deste\u011fi sunar.<\/p>\n\n\n\n<ul class=\"wp-block-list\">\n<li>D\u00f6n\u00fc\u015f\u00fcm ve iyile\u015ftirme projelerinde ar\u0131za tespit, bak\u0131m, teknik m\u00fchendislik ve saha hizmetleri<\/li>\n\n\n\n<li>Yatlar, katamaranlar ve r\u00f6mork\u00f6rler gibi k\u00fc\u00e7\u00fck gemilerin yeni yap\u0131mlar\u0131nda entegre tasar\u0131m ve saha i\u015f\u00e7ilik hizmetleri<\/li>\n<\/ul>\n\n\n\n<p><\/p>\n","protected":false},"excerpt":{"rendered":"<p>Marine M\u00fchendislik \u00c7\u00f6z\u00fcmleri SHIPIN, Marine elektrik sistemlerinde \u00f6zel m\u00fchendislik \u00e7\u00f6z\u00fcmleri sunar. Elektrik yerle\u015fim planlamas\u0131, elektrik \u015femalar\u0131, pano tasar\u0131m\u0131, ayd\u0131nlatma ve priz d\u00fczenlemeleri, kablo diyagramlar\u0131 ve bile\u015fen entegrasyonu gibi \u00e7e\u015fitli Marine elektrik sistem entegrasyonu i\u00e7in kapsaml\u0131 teknik tasar\u0131m ve m\u00fchendislik hizmetleri sa\u011fl\u0131yoruz. Proje bazl\u0131 belgelerimiz, sistemlerin g\u00fcvenli, uyumlu ve Marine standartlar\u0131na uygun \u00e7al\u0131\u015fmas\u0131n\u0131 garanti eder. Yeni &hellip; <\/p>\n<p class=\"link-more\"><a href=\"https:\/\/www.shipin-tr.com\/?page_id=107\" class=\"more-link\">Read more<span class=\"screen-reader-text\"> &#8220;Ne Yap\u0131yoruz&#8221;<\/span><\/a><\/p>\n","protected":false},"author":1,"featured_media":35,"parent":0,"menu_order":0,"comment_status":"closed","ping_status":"closed","template":"","meta":{"footnotes":""},"class_list":["post-107","page","type-page","status-publish","has-post-thumbnail","hentry"],"_links":{"self":[{"href":"https:\/\/www.shipin-tr.com\/index.php?rest_route=\/wp\/v2\/pages\/107","targetHints":{"allow":["GET"]}}],"collection":[{"href":"https:\/\/www.shipin-tr.com\/index.php?rest_route=\/wp\/v2\/pages"}],"about":[{"href":"https:\/\/www.shipin-tr.com\/index.php?rest_route=\/wp\/v2\/types\/page"}],"author":[{"embeddable":true,"href":"https:\/\/www.shipin-tr.com\/index.php?rest_route=\/wp\/v2\/users\/1"}],"replies":[{"embeddable":true,"href":"https:\/\/www.shipin-tr.com\/index.php?rest_route=%2Fwp%2Fv2%2Fcomments&post=107"}],"version-history":[{"count":3,"href":"https:\/\/www.shipin-tr.com\/index.php?rest_route=\/wp\/v2\/pages\/107\/revisions"}],"predecessor-version":[{"id":153,"href":"https:\/\/www.shipin-tr.com\/index.php?rest_route=\/wp\/v2\/pages\/107\/revisions\/153"}],"wp:featuredmedia":[{"embeddable":true,"href":"https:\/\/www.shipin-tr.com\/index.php?rest_route=\/wp\/v2\/media\/35"}],"wp:attachment":[{"href":"https:\/\/www.shipin-tr.com\/index.php?rest_route=%2Fwp%2Fv2%2Fmedia&parent=107"}],"curies":[{"name":"wp","href":"https:\/\/api.w.org\/{rel}","templated":true}]}}