{"id":99,"date":"2025-11-01T18:01:50","date_gmt":"2025-11-01T18:01:50","guid":{"rendered":"https:\/\/www.shipin-tr.com\/?page_id=99"},"modified":"2025-11-01T19:20:02","modified_gmt":"2025-11-01T19:20:02","slug":"hakkimizda","status":"publish","type":"page","link":"https:\/\/www.shipin-tr.com\/?page_id=99","title":{"rendered":"Hakk\u0131m\u0131zda"},"content":{"rendered":"\n<p><strong>SHIPIN<\/strong>, denizcilik sekt\u00f6r\u00fcne \u00f6zel elektrik m\u00fchendisli\u011fi hizmetleri sunmaktad\u0131r.<\/p>\n\n\n\n<p>10 y\u0131l\u0131 a\u015fk\u0131n sekt\u00f6r tecr\u00fcbemizle, elektrik sistemlerinin tasar\u0131m\u0131, planlamas\u0131 ve entegrasyonu alanlar\u0131nda kapsaml\u0131 \u00e7\u00f6z\u00fcmler geli\u015ftiriyoruz.<\/p>\n\n\n\n<p>Tersaneler ve tasar\u0131m ofisleriyle yak\u0131n i\u015f birli\u011fi i\u00e7inde \u00e7al\u0131\u015farak, ticari gemilerdeki yenileme (retrofit), bak\u0131m ve onar\u0131m projeleri i\u00e7in teknik destek sa\u011fl\u0131yoruz.<\/p>\n\n\n\n<p>Ayr\u0131ca, yatlar ve katamaranlar gibi daha k\u00fc\u00e7\u00fck tekneler i\u00e7in tasar\u0131m ve sahada uygulama hizmetlerini birle\u015ftirerek kurulum ve onar\u0131m \u00e7\u00f6z\u00fcmleri sunuyoruz.<\/p>\n\n\n\n<p><strong>SHIPIN<\/strong> olarak, denizcilik projelerinin her a\u015famas\u0131nda m\u00fc\u015fterilerimizin ihtiya\u00e7lar\u0131na \u00f6zel, g\u00fcvenilir ve \u00e7\u00f6z\u00fcm odakl\u0131 elektrik sistemleri hizmetleri sunmaya kararl\u0131y\u0131z.<\/p>\n\n\n\n<p><\/p>\n","protected":false},"excerpt":{"rendered":"<p>SHIPIN, denizcilik sekt\u00f6r\u00fcne \u00f6zel elektrik m\u00fchendisli\u011fi hizmetleri sunmaktad\u0131r. 10 y\u0131l\u0131 a\u015fk\u0131n sekt\u00f6r tecr\u00fcbemizle, elektrik sistemlerinin tasar\u0131m\u0131, planlamas\u0131 ve entegrasyonu alanlar\u0131nda kapsaml\u0131 \u00e7\u00f6z\u00fcmler geli\u015ftiriyoruz. Tersaneler ve tasar\u0131m ofisleriyle yak\u0131n i\u015f birli\u011fi i\u00e7inde \u00e7al\u0131\u015farak, ticari gemilerdeki yenileme (retrofit), bak\u0131m ve onar\u0131m projeleri i\u00e7in teknik destek sa\u011fl\u0131yoruz. Ayr\u0131ca, yatlar ve katamaranlar gibi daha k\u00fc\u00e7\u00fck tekneler i\u00e7in tasar\u0131m ve &hellip; <\/p>\n<p class=\"link-more\"><a href=\"https:\/\/www.shipin-tr.com\/?page_id=99\" class=\"more-link\">Read more<span class=\"screen-reader-text\"> &#8220;Hakk\u0131m\u0131zda&#8221;<\/span><\/a><\/p>\n","protected":false},"author":1,"featured_media":35,"parent":0,"menu_order":0,"comment_status":"closed","ping_status":"closed","template":"","meta":{"footnotes":""},"class_list":["post-99","page","type-page","status-publish","has-post-thumbnail","hentry"],"_links":{"self":[{"href":"https:\/\/www.shipin-tr.com\/index.php?rest_route=\/wp\/v2\/pages\/99","targetHints":{"allow":["GET"]}}],"collection":[{"href":"https:\/\/www.shipin-tr.com\/index.php?rest_route=\/wp\/v2\/pages"}],"about":[{"href":"https:\/\/www.shipin-tr.com\/index.php?rest_route=\/wp\/v2\/types\/page"}],"author":[{"embeddable":true,"href":"https:\/\/www.shipin-tr.com\/index.php?rest_route=\/wp\/v2\/users\/1"}],"replies":[{"embeddable":true,"href":"https:\/\/www.shipin-tr.com\/index.php?rest_route=%2Fwp%2Fv2%2Fcomments&post=99"}],"version-history":[{"count":1,"href":"https:\/\/www.shipin-tr.com\/index.php?rest_route=\/wp\/v2\/pages\/99\/revisions"}],"predecessor-version":[{"id":100,"href":"https:\/\/www.shipin-tr.com\/index.php?rest_route=\/wp\/v2\/pages\/99\/revisions\/100"}],"wp:featuredmedia":[{"embeddable":true,"href":"https:\/\/www.shipin-tr.com\/index.php?rest_route=\/wp\/v2\/media\/35"}],"wp:attachment":[{"href":"https:\/\/www.shipin-tr.com\/index.php?rest_route=%2Fwp%2Fv2%2Fmedia&parent=99"}],"curies":[{"name":"wp","href":"https:\/\/api.w.org\/{rel}","templated":true}]}}